{"id":477,"date":"2020-05-04T04:51:19","date_gmt":"2020-05-04T04:51:19","guid":{"rendered":"https:\/\/www.futureautolabourforce.ca\/a-propos\/"},"modified":"2024-03-15T14:52:45","modified_gmt":"2024-03-15T14:52:45","slug":"a-propos","status":"publish","type":"page","link":"https:\/\/www.futureautolabourforce.ca\/fr\/a-propos\/","title":{"rendered":"\u00c0 propos"},"content":{"rendered":"<div class=\"wpb-content-wrapper\"><p>[vc_section full_width=\u00a0\u00bbstretch_row\u00a0\u00bb content_placement=\u00a0\u00bbbottom\u00a0\u00bb css=\u00a0\u00bb.vc_custom_1587967849200{padding-top: 188px !important;background-color: #1c1c2b !important;}\u00a0\u00bb][vc_row][vc_column css_animation=\u00a0\u00bbnone\u00a0\u00bb width=\u00a0\u00bb7\/12&Prime;][vc_custom_heading text=\u00a0\u00bb\u00c0 propos de nous\u00a0\u00bb font_container=\u00a0\u00bbtag:h2|font_size:4.75rem|text_align:left|color:%23ffffff|line_height:5.5rem\u00a0\u00bb google_fonts=\u00a0\u00bbfont_family:Playfair%20Display%3Aregular%2Citalic%2C700%2C700italic%2C900%2C900italic|font_style:400%20regular%3A400%3Anormal\u00a0\u00bb el_class=\u00a0\u00bbhero-section-heading\u00a0\u00bb][vc_separator color=\u00a0\u00bbcustom\u00a0\u00bb align=\u00a0\u00bbalign_left\u00a0\u00bb border_width=\u00a0\u00bb2&Prime; el_width=\u00a0\u00bb20&Prime; accent_color=\u00a0\u00bb#38c7f9&Prime; css=\u00a0\u00bb.vc_custom_1587604743323{margin-top: 40px !important;}\u00a0\u00bb][vc_empty_space][\/vc_column][vc_column width=\u00a0\u00bb5\/12&Prime;][\/vc_column][\/vc_row][\/vc_section][vc_section css=\u00a0\u00bb.vc_custom_1587967001721{padding-top: 70px !important;}\u00a0\u00bb][vc_row gap=\u00a0\u00bb35&Prime; content_placement=\u00a0\u00bbmiddle\u00a0\u00bb][vc_column width=\u00a0\u00bb2\/3&Prime;][vc_column_text css=\u00a0\u00bb.vc_custom_1593446466615{margin-bottom: 0px !important;}\u00a0\u00bb]L\u2019Initiative sur l\u2019avenir de la main-d\u2019\u0153uvre de l\u2019industrie automobile canadienne (FOCAL), financ\u00e9e par le gouvernement du Canada, est le fruit d\u2019une collaboration entre la <a href=\"https:\/\/cstec.ca\/\">Coalition canadienne de la formation professionnelle et de l\u2019emploi (CSTEC)<\/a>, <a href=\"https:\/\/automotivepolicy.ca\/\">l\u2019Automotive Policy Research Centre (APRC)<\/a> et <a href=\"https:\/\/www.prismeconomics.com\/\">Prism Economics and Analysis<\/a>.<\/p>\n<p>Durant trois ann\u00e9es \u00e0 compter du milieu de 2019, l\u2019initiative FOCAL aura produit sur <a href=\"https:\/\/www.futureautolabourforce.ca\/fr\/profils-de-lindustrie-automobile-regionale\/\">le march\u00e9 du travail une information \u00e0 jour li\u00e9e \u00e0 l\u2019industrie canadienne de la fabrication automobile<\/a>, en examinera <a href=\"https:\/\/www.futureautolabourforce.ca\/fr\/rapports-sur-les-tendances\/\">les principales tendances<\/a>, en plus d\u2019\u00e9tablir une pr\u00e9vision de <a href=\"https:\/\/www.futureautolabourforce.ca\/fr\/les-previsions-sur-le-marche-du-travail\/\">l\u2019offre et de la demande dans les professions cl\u00e9s<\/a> de l\u2019ensemble de l\u2019industrie automobile.<\/p>\n<p>Nous transmettrons nos rapports et autres r\u00e9sultats de recherche aux employeurs de toute l\u2019industrie automobile canadienne, de m\u00eame qu\u2019aux enseignants, aux \u00e9tudiants, aux chercheurs d\u2019emploi, aux d\u00e9cideurs de tous les ordres de gouvernement, aux organismes syndicaux et aux autres intervenants non gouvernementaux de cet important segment du secteur manufacturier canadien.[\/vc_column_text][\/vc_column][vc_column width=\u00a0\u00bb1\/3&Prime; css=\u00a0\u00bb.vc_custom_1587967891043{padding-top: 20px !important;padding-right: 20px !important;padding-bottom: 20px !important;padding-left: 20px !important;background-color: #ebf0f7 !important;}\u00a0\u00bb][vc_column_text css=\u00a0\u00bb.vc_custom_1587967939642{margin-bottom: 0px !important;}\u00a0\u00bb]Les travaux de recherche, les pr\u00e9visions et les r\u00e9sultats de l\u2019initiative FOCAL aideront :<\/p>\n<ul>\n<li>l\u2019industrie \u00e0 prendre des d\u00e9cisions plus \u00e9clair\u00e9es en mati\u00e8re de planification de l\u2019effectif et d\u2019acquisition de comp\u00e9tences ;<\/li>\n<li>les chercheurs d\u2019emploi et les \u00e9tudiants \u00e0 mieux voir o\u00f9 se trouvent les possibilit\u00e9s d\u2019emploi dans l\u2019industrie ;<\/li>\n<li>les enseignants et les d\u00e9cideurs \u00e0 mieux saisir les tendances de l\u2019emploi dans l\u2019industrie.<\/li>\n<\/ul>\n<p>[\/vc_column_text][\/vc_column][\/vc_row][\/vc_section][vc_section css=\u00a0\u00bb.vc_custom_1587967047656{padding-top: 70px !important;}\u00a0\u00bb][vc_row gap=\u00a0\u00bb35&Prime;][vc_column width=\u00a0\u00bb1\/3&Prime;][vc_row_inner][vc_column_inner][vc_custom_heading text=\u00a0\u00bb\u00c0 propos de la Coalition canadienne de la formation professionnelle et de l\u2019emploi (CSTEC)\u00a0\u00bb google_fonts=\u00a0\u00bbfont_family:Playfair%20Display%3Aregular%2Citalic%2C700%2C700italic%2C900%2C900italic|font_style:400%20regular%3A400%3Anormal\u00a0\u00bb][vc_column_text]Organisme sans but lucratif, la CSTEC aide les employeurs et les regroupements d\u2019employ\u00e9s \u00e0 trouver des solutions multilat\u00e9rales \u00e0 un \u00e9ventail de questions li\u00e9es notamment \u00e0 la formation en milieu de travail, \u00e0 l\u2019apprentissage, \u00e0 l\u2019information sur le march\u00e9 du travail et \u00e0 l\u2019adaptation, ainsi qu\u2019\u00e0 l\u2019am\u00e9lioration des perspectives de carri\u00e8re des jeunes et des chercheurs d\u2019emploi. Pouvant compter sur des coordonnateurs r\u00e9gionaux \u00e0 Hamilton, Sault Ste. Marie et Kitchener-Waterloo, la CSTEC a son si\u00e8ge \u00e0 Toronto.[\/vc_column_text][\/vc_column_inner][\/vc_row_inner][\/vc_column][vc_column width=\u00a0\u00bb1\/3&Prime;][vc_row_inner][vc_column_inner][vc_custom_heading text=\u00a0\u00bb\u00c0 propos de l\u2019Automotive Policy Research Centre (APRC)\u00a0\u00bb google_fonts=\u00a0\u00bbfont_family:Playfair%20Display%3Aregular%2Citalic%2C700%2C700italic%2C900%2C900italic|font_style:400%20regular%3A400%3Anormal\u00a0\u00bb][vc_column_text]L\u2019Automotive Policy Research Centre est un organisme sans but lucratif qui m\u00e8ne des \u00e9tudes et diffuse des connaissances sur la fa\u00e7on dont les politiques publiques soutiennent l\u2019industrie automobile du Canada, concurrentielle \u00e0 l\u2019\u00e9chelle mondiale, dans des conditions de plus en plus difficiles.[\/vc_column_text][\/vc_column_inner][\/vc_row_inner][\/vc_column][vc_column width=\u00a0\u00bb1\/3&Prime;][vc_row_inner][vc_column_inner][vc_custom_heading text=\u00a0\u00bb\u00c0 propos de Prism Economics and Analysis\u00a0\u00bb google_fonts=\u00a0\u00bbfont_family:Playfair%20Display%3Aregular%2Citalic%2C700%2C700italic%2C900%2C900italic|font_style:400%20regular%3A400%3Anormal\u00a0\u00bb][vc_column_text]<\/p>\n<p class=\"MsoNormal\" style=\"line-height: normal;\"><span lang=\"EN\" style=\"font-size: 12.0pt; font-family: 'Calibri',sans-serif; mso-fareast-font-family: Calibri;\">Prism offre des services d\u2019analyse et de gestion \u00e0 des clients des secteurs public, sans but lucratif, de l\u2019enseignement postsecondaire et de la main-d\u2019\u0153uvre. Gr\u00e2ce \u00e0 sa connaissance approfondie des structures du march\u00e9 du travail, des sources, des personnes, des institutions, des r\u00e8glements et des politiques, Prism r\u00e9alise des recherches cr\u00e9dibles et pratiques.<\/span><\/p>\n<p>[\/vc_column_text][\/vc_column_inner][\/vc_row_inner][\/vc_column][\/vc_row][\/vc_section][vc_section][vc_row][vc_column][vc_custom_heading text=\u00a0\u00bbFinancement, structure et \u00e9quipe du projet\u00a0\u00bb font_container=\u00a0\u00bbtag:h2|text_align:center\u00a0\u00bb google_fonts=\u00a0\u00bbfont_family:Playfair%20Display%3Aregular%2Citalic%2C700%2C700italic%2C900%2C900italic|font_style:400%20regular%3A400%3Anormal\u00a0\u00bb css=\u00a0\u00bb.vc_custom_1588564314844{margin-bottom: 32px !important;}\u00a0\u00bb][vc_row_inner content_placement=\u00a0\u00bbmiddle\u00a0\u00bb][vc_column_inner][vc_column_text]<\/p>\n<p style=\"text-align: center;\">L\u2019initiative FOCAL est financ\u00e9e par le gouvernement du Canada, gr\u00e2ce \u00e0 Emploi et D\u00e9veloppement social Canada (EDSC).<\/p>\n<p style=\"text-align: center;\">Une \u00e9quipe form\u00e9e de membres du personnel et de personnes-ressources de la CSTEC, de l\u2019APRC et de Prism Economics and Analysis assure la coordination du projet, m\u00e8ne les travaux de recherche et mobilise les intervenants, b\u00e9n\u00e9ficiant des conseils et du soutien d\u2019un groupe consultatif d\u2019intervenants de l\u2019industrie.<\/p>\n<p>[\/vc_column_text][\/vc_column_inner][\/vc_row_inner][\/vc_column][\/vc_row][vc_row][vc_column][vc_separator][\/vc_column][\/vc_row][\/vc_section][vc_section][vc_row][vc_column][vc_custom_heading text=\u00a0\u00bbMembres de l\u2019\u00e9quipe de l\u2019initiative FOCAL\u00a0\u00bb font_container=\u00a0\u00bbtag:h2|text_align:center\u00a0\u00bb google_fonts=\u00a0\u00bbfont_family:Playfair%20Display%3Aregular%2Citalic%2C700%2C700italic%2C900%2C900italic|font_style:400%20regular%3A400%3Anormal\u00a0\u00bb css=\u00a0\u00bb.vc_custom_1588567938584{margin-bottom: 32px !important;}\u00a0\u00bb][vc_row_inner content_placement=\u00a0\u00bbmiddle\u00a0\u00bb][vc_column_inner][vc_column_text]<\/p>\n<p style=\"text-align: center;\">Voici quelques-uns des membres du personnel et des personnes-ressources de la CSTEC, de l\u2019APRC et de Prism qui ont \u00e9t\u00e9 affect\u00e9s \u00e0 l\u2019initiative.<\/p>\n<p>[\/vc_column_text][\/vc_column_inner][\/vc_row_inner][vc_basic_grid post_type=\u00a0\u00bbpost\u00a0\u00bb max_items=\u00a0\u00bb-1&Prime; element_width=\u00a0\u00bb3&Prime; order=\u00a0\u00bbASC\u00a0\u00bb item=\u00a0\u00bb471&Prime; grid_id=\u00a0\u00bbvc_gid:1710514349646-52aba205-953f-2&Prime; taxonomies=\u00a0\u00bb64&Prime;][\/vc_column][\/vc_row][vc_row][vc_column][vc_separator][\/vc_column][\/vc_row][\/vc_section][vc_section css=\u00a0\u00bb.vc_custom_1587967461209{margin-bottom: 70px !important;}\u00a0\u00bb][vc_row][vc_column][vc_custom_heading text=\u00a0\u00bbGroupe consultatif d\u2019intervenants de l\u2019industrie\u00a0\u00bb font_container=\u00a0\u00bbtag:h2|text_align:center\u00a0\u00bb google_fonts=\u00a0\u00bbfont_family:Playfair%20Display%3Aregular%2Citalic%2C700%2C700italic%2C900%2C900italic|font_style:400%20regular%3A400%3Anormal\u00a0\u00bb css=\u00a0\u00bb.vc_custom_1587965948034{margin-bottom: 32px !important;}\u00a0\u00bb][vc_row_inner css=\u00a0\u00bb.vc_custom_1587967422050{margin-bottom: 0px !important;}\u00a0\u00bb][vc_column_inner][vc_column_text]<\/p>\n<p style=\"text-align: center;\">Le Groupe consultatif d\u2019intervenants de l\u2019industrie de l\u2019initiative donne des renseignements et des conseils sur l\u2019industrie afin d\u2019assurer la pertinence g\u00e9n\u00e9rale des r\u00e9sultats de recherche et de l\u2019information diffus\u00e9s par l\u2019initiative. Les membres du <em>Groupe consultatif<\/em> constituent un \u00e9chantillon repr\u00e9sentatif unique de l\u2019industrie canadienne de la fabrication automobile, r\u00e9unissant de hauts repr\u00e9sentants de grandes entreprises d\u2019assemblage d\u2019automobiles, de fabricants de pi\u00e8ces \u00e0 toutes les \u00e9tapes du processus de fabrication, d\u2019organismes syndicaux et du gouvernement de l\u2019Ontario.<\/p>\n<p>[\/vc_column_text][\/vc_column_inner][\/vc_row_inner][\/vc_column][\/vc_row][vc_row gap=\u00a0\u00bb35&Prime; equal_height=\u00a0\u00bbyes\u00a0\u00bb el_class=\u00a0\u00bbadvisory-group\u00a0\u00bb][vc_column width=\u00a0\u00bb1\/4&Prime;][vc_column_text]<\/p>\n<h4>Bob Magee<\/h4>\n<p>Pr\u00e9sident du conseil<\/p>\n<p>Woodbridge Group[\/vc_column_text][\/vc_column][vc_column width=\u00a0\u00bb1\/4&Prime;][vc_column_text]<\/p>\n<h4>Joe Mammarella<\/h4>\n<p>Directeur, Ressources humaines<\/p>\n<p>Martinrea International[\/vc_column_text][\/vc_column][vc_column width=\u00a0\u00bb1\/4&Prime;][vc_column_text]<\/p>\n<h4>Steve Henry<\/h4>\n<p>Directeur des programmes d\u2019apprentissage<\/p>\n<p>Magna International[\/vc_column_text][\/vc_column][vc_column width=\u00a0\u00bb1\/4&Prime;][vc_column_text]<\/p>\n<h4>Angelo DiCaro<\/h4>\n<p>Directeur du Service de recherche<\/p>\n<p>Unifor[\/vc_column_text][\/vc_column][vc_column width=\u00a0\u00bb1\/4&Prime;][vc_column_text]<\/p>\n<h4>Marl\u00e8ne Chamandy<\/h4>\n<p>Relations gouvernementales<\/p>\n<p>Ford du Canada[\/vc_column_text][\/vc_column][vc_column width=\u00a0\u00bb1\/4&Prime;][vc_column_text]<\/p>\n<h4>Norm Lasante<\/h4>\n<p>Maintenance Planning and Optimization Manager<\/p>\n<p>Algoma Steel[\/vc_column_text][\/vc_column][vc_column width=\u00a0\u00bb1\/4&Prime;][vc_column_text]<\/p>\n<h4>Lauren Tedesco<\/h4>\n<p>Senior Vice President<\/p>\n<p>Automotive Parts Manufacturers\u2019 Association (APMA)[\/vc_column_text][\/vc_column][vc_column width=\u00a0\u00bb1\/4&Prime;][vc_column_text]<\/p>\n<h4>Nicole Vlanich<\/h4>\n<p>Administrative &amp; Support Services Coordinator<\/p>\n<p>CAMM\/Automate Canada[\/vc_column_text][\/vc_column][vc_column width=\u00a0\u00bb1\/4&Prime;][vc_column_text]<\/p>\n<h4>Hanif Nori<\/h4>\n<p>Manager, Government Relations and Environmental Affairs<\/p>\n<p>Honda Canada[\/vc_column_text][\/vc_column][vc_column width=\u00a0\u00bb1\/4&Prime;][vc_column_text]<\/p>\n<h4>Adrian Tylim<\/h4>\n<p>Head Business Development USA<\/p>\n<p>Blue Solutions[\/vc_column_text][\/vc_column][vc_column width=\u00a0\u00bb1\/4&Prime;][vc_column_text]<\/p>\n<h4>Brian Kingston<\/h4>\n<p>President and Chief Executive Officer<\/p>\n<p>Canadian Vehicle Manufacturers\u2019 Association (CVMA)[\/vc_column_text][\/vc_column][vc_column width=\u00a0\u00bb1\/4&Prime;][vc_column_text]<\/p>\n<h4>Brendan Sweeney<\/h4>\n<p>Managing Director<\/p>\n<p>Trillium Network for Advanced Manufacturing[\/vc_column_text][\/vc_column][\/vc_row][\/vc_section]<\/p>\n<\/div>","protected":false},"excerpt":{"rendered":"<p>[vc_section full_width=\u00a0\u00bbstretch_row\u00a0\u00bb content_placement=\u00a0\u00bbbottom\u00a0\u00bb css=\u00a0\u00bb.vc_custom_1587967849200{padding-top: 188px !important;background-color: #1c1c2b !important;}\u00a0\u00bb][vc_row][vc_column css_animation=\u00a0\u00bbnone\u00a0\u00bb width=\u00a0\u00bb7\/12&Prime;][vc_custom_heading text=\u00a0\u00bb\u00c0 propos de nous\u00a0\u00bb font_container=\u00a0\u00bbtag:h2|font_size:4.75rem|text_align:left|color:%23ffffff|line_height:5.5rem\u00a0\u00bb google_fonts=\u00a0\u00bbfont_family:Playfair%20Display%3Aregular%2Citalic%2C700%2C700italic%2C900%2C900italic|font_style:400%20regular%3A400%3Anormal\u00a0\u00bb el_class=\u00a0\u00bbhero-section-heading\u00a0\u00bb][vc_separator color=\u00a0\u00bbcustom\u00a0\u00bb align=\u00a0\u00bbalign_left\u00a0\u00bb border_width=\u00a0\u00bb2&Prime; el_width=\u00a0\u00bb20&Prime; accent_color=\u00a0\u00bb#38c7f9&Prime; css=\u00a0\u00bb.vc_custom_1587604743323{margin-top: 40px !important;}\u00a0\u00bb][vc_empty_space][\/vc_column][vc_column width=\u00a0\u00bb5\/12&Prime;][\/vc_column][\/vc_row][\/vc_section][vc_section<span class=\"excerpt-hellip\"> [\u2026]<\/span><\/p>\n","protected":false},"author":3,"featured_media":0,"parent":0,"menu_order":0,"comment_status":"closed","ping_status":"closed","template":"","meta":{"_monsterinsights_skip_tracking":false,"_monsterinsights_sitenote_active":false,"_monsterinsights_sitenote_note":"","_monsterinsights_sitenote_category":0,"footnotes":""},"class_list":["post-477","page","type-page","status-publish","hentry"],"aioseo_notices":[],"_links":{"self":[{"href":"https:\/\/www.futureautolabourforce.ca\/fr\/wp-json\/wp\/v2\/pages\/477","targetHints":{"allow":["GET"]}}],"collection":[{"href":"https:\/\/www.futureautolabourforce.ca\/fr\/wp-json\/wp\/v2\/pages"}],"about":[{"href":"https:\/\/www.futureautolabourforce.ca\/fr\/wp-json\/wp\/v2\/types\/page"}],"author":[{"embeddable":true,"href":"https:\/\/www.futureautolabourforce.ca\/fr\/wp-json\/wp\/v2\/users\/3"}],"replies":[{"embeddable":true,"href":"https:\/\/www.futureautolabourforce.ca\/fr\/wp-json\/wp\/v2\/comments?post=477"}],"version-history":[{"count":12,"href":"https:\/\/www.futureautolabourforce.ca\/fr\/wp-json\/wp\/v2\/pages\/477\/revisions"}],"predecessor-version":[{"id":3379,"href":"https:\/\/www.futureautolabourforce.ca\/fr\/wp-json\/wp\/v2\/pages\/477\/revisions\/3379"}],"wp:attachment":[{"href":"https:\/\/www.futureautolabourforce.ca\/fr\/wp-json\/wp\/v2\/media?parent=477"}],"curies":[{"name":"wp","href":"https:\/\/api.w.org\/{rel}","templated":true}]}}