{"id":579,"date":"2020-05-19T14:55:14","date_gmt":"2020-05-19T14:55:14","guid":{"rendered":"https:\/\/www.futureautolabourforce.ca\/les-previsions-sur-le-marche-du-travail\/"},"modified":"2024-03-11T17:48:18","modified_gmt":"2024-03-11T17:48:18","slug":"les-previsions-sur-le-marche-du-travail","status":"publish","type":"page","link":"https:\/\/www.futureautolabourforce.ca\/fr\/les-previsions-sur-le-marche-du-travail\/","title":{"rendered":"Les pr\u00e9visions sur le march\u00e9 du travail"},"content":{"rendered":"<div class=\"wpb-content-wrapper\"><p>[vc_section full_width=\u00a0\u00bbstretch_row\u00a0\u00bb content_placement=\u00a0\u00bbbottom\u00a0\u00bb css=\u00a0\u00bb.vc_custom_1588457717918{padding-top: 188px !important;background-color: #1c1c2b !important;background-position: center !important;background-repeat: no-repeat !important;background-size: cover !important;}\u00a0\u00bb][vc_row][vc_column css_animation=\u00a0\u00bbnone\u00a0\u00bb width=\u00a0\u00bb7\/12&Prime;][vc_custom_heading text=\u00a0\u00bbLes pr\u00e9visions sur le march\u00e9 du travail\u00a0\u00bb font_container=\u00a0\u00bbtag:h1|font_size:4.75rem|text_align:left|color:%23ffffff|line_height:5.5rem\u00a0\u00bb google_fonts=\u00a0\u00bbfont_family:Playfair%20Display%3Aregular%2Citalic%2C700%2C700italic%2C900%2C900italic|font_style:400%20regular%3A400%3Anormal\u00a0\u00bb el_class=\u00a0\u00bbhero-section-heading\u00a0\u00bb][vc_separator color=\u00a0\u00bbcustom\u00a0\u00bb align=\u00a0\u00bbalign_left\u00a0\u00bb border_width=\u00a0\u00bb2&Prime; el_width=\u00a0\u00bb20&Prime; accent_color=\u00a0\u00bb#38c7f9&Prime; css=\u00a0\u00bb.vc_custom_1587604743323{margin-top: 40px !important;}\u00a0\u00bb][\/vc_column][vc_column width=\u00a0\u00bb5\/12&Prime;][\/vc_column][\/vc_row][vc_row full_width=\u00a0\u00bbstretch_row_content\u00a0\u00bb css=\u00a0\u00bb.vc_custom_1588460670911{padding-right: 40px !important;padding-left: 40px !important;}\u00a0\u00bb][vc_column width=\u00a0\u00bb1\/2&Prime;][\/vc_column][vc_column width=\u00a0\u00bb1\/2&Prime; el_class=\u00a0\u00bbcolumn-featured\u00a0\u00bb][vc_basic_grid post_type=\u00a0\u00bbpost\u00a0\u00bb max_items=\u00a0\u00bb1&Prime; element_width=\u00a0\u00bb12&Prime; gap=\u00a0\u00bb0&Prime; item=\u00a0\u00bb418&Prime; grid_id=\u00a0\u00bbvc_gid:1710179287267-e0bd6666-736f-4&Prime; css=\u00a0\u00bb.vc_custom_1710179261328{margin-bottom: 0px !important;}\u00a0\u00bb taxonomies=\u00a0\u00bb58&Prime;][\/vc_column][\/vc_row][\/vc_section][vc_section full_width=\u00a0\u00bbstretch_row\u00a0\u00bb disable_element=\u00a0\u00bbyes\u00a0\u00bb css=\u00a0\u00bb.vc_custom_1588461181173{padding-top: 0px !important;background-image: url(http:\/\/www.futureautolabourforce.ca\/wp-content\/uploads\/2020\/01\/caf-1.png?id=55) !important;background-position: center !important;background-repeat: no-repeat !important;background-size: cover !important;}\u00a0\u00bb el_class=\u00a0\u00bbbanner-container\u00a0\u00bb][vc_row full_width=\u00a0\u00bbstretch_row_content_no_spaces\u00a0\u00bb][vc_column][vc_basic_grid post_type=\u00a0\u00bbms_forecast\u00a0\u00bb max_items=\u00a0\u00bb1&Prime; element_width=\u00a0\u00bb12&Prime; gap=\u00a0\u00bb0&Prime; item=\u00a0\u00bb367&Prime; grid_id=\u00a0\u00bbvc_gid:1710179287268-f057fbf5-67ba-7&Prime; el_class=\u00a0\u00bbbanner-grid\u00a0\u00bb][\/vc_column][\/vc_row][\/vc_section][vc_section full_width=\u00a0\u00bbstretch_row\u00a0\u00bb disable_element=\u00a0\u00bbyes\u00a0\u00bb css=\u00a0\u00bb.vc_custom_1587962938134{padding-top: 0px !important;background-image: url(http:\/\/www.futureautolabourforce.ca\/wp-content\/uploads\/2020\/01\/caf-1.png?id=55) !important;background-position: center !important;background-repeat: no-repeat !important;background-size: cover !important;}\u00a0\u00bb][vc_row full_width=\u00a0\u00bbstretch_row\u00a0\u00bb content_placement=\u00a0\u00bbmiddle\u00a0\u00bb css=\u00a0\u00bb.vc_custom_1587130694307{padding-top: 190px !important;padding-bottom: 50px !important;background-color: rgba(28,28,43,0.9) !important;background-position: center !important;background-repeat: no-repeat !important;background-size: cover !important;*background-color: rgb(28,28,43) !important;}\u00a0\u00bb el_class=\u00a0\u00bbhero-section\u00a0\u00bb][vc_column css=\u00a0\u00bb.vc_custom_1587130054975{margin-bottom: 5px !important;}\u00a0\u00bb][vc_row_inner][vc_column_inner width=\u00a0\u00bb1\/2&Prime;][\/vc_column_inner][vc_column_inner width=\u00a0\u00bb1\/2&Prime;][vc_raw_html css=\u00a0\u00bb.vc_custom_1587129939925{margin-bottom: 5px !important;}\u00a0\u00bb]PGRpdiBjbGFzcz0iaWNvbi1iYXIgZmxvYXQtcmlnaHQiPg0KICAgICAgICAgICAgICAgICAgICAgICAgPGEgaHJlZj0iIyIgY2xhc3M9ImZhY2Vib29rIj48aSBjbGFzcz0iZmFiIGZhLWZhY2Vib29rLWYiPjwvaT48L2E+IA0KICAgICAgICAgICAgICAgICAgICAgICAgPGEgaHJlZj0iIyIgY2xhc3M9InR3aXR0ZXIiPjxpIGNsYXNzPSJmYWIgZmEtdHdpdHRlciI+PC9pPjwvYT4NCiAgICAgICAgICAgICAgICAgICAgICAgIDxhIGhyZWY9IiMiIGNsYXNzPSJ5b3V0dWJlIj48aSBjbGFzcz0iZmFiIGZhLXlvdXR1YmUiPjwvaT48L2E+IA0KICAgICAgICAgICAgICAgICAgICA8L2Rpdj4=[\/vc_raw_html][\/vc_column_inner][\/vc_row_inner][vc_row_inner][vc_column_inner width=\u00a0\u00bb1\/2&Prime;][\/vc_column_inner][vc_column_inner width=\u00a0\u00bb1\/2&Prime; css=\u00a0\u00bb.vc_custom_1587131480766{padding-bottom: 5rem !important;background-color: #38c7f9 !important;}\u00a0\u00bb][vc_custom_heading text=\u00a0\u00bbManaging the shift from automation in Canada\u00a0\u00bb font_container=\u00a0\u00bbtag:h2|font_size:2.5rem|text_align:left|color:%23020202|line_height:2.75rem\u00a0\u00bb google_fonts=\u00a0\u00bbfont_family:Playfair%20Display%3Aregular%2Citalic%2C700%2C700italic%2C900%2C900italic|font_style:400%20regular%3A400%3Anormal\u00a0\u00bb][vc_btn title=\u00a0\u00bbLire la suite\u00a0\u00bb style=\u00a0\u00bbflat\u00a0\u00bb shape=\u00a0\u00bbsquare\u00a0\u00bb i_align=\u00a0\u00bbright\u00a0\u00bb i_icon_fontawesome=\u00a0\u00bbfar fa-arrow-alt-circle-right\u00a0\u00bb add_icon=\u00a0\u00bbtrue\u00a0\u00bb el_class=\u00a0\u00bbbtn-float bg-grayish-white btn-card\u00a0\u00bb][\/vc_column_inner][\/vc_row_inner][\/vc_column][\/vc_row][\/vc_section][vc_section css=\u00a0\u00bb.vc_custom_1588461273120{padding-top: 40px !important;}\u00a0\u00bb][vc_row][vc_column][vc_column_text]The FOCAL initiative will produce forecasts of labour supply and demand for key occupations in the broader automotive sector. These forecasts will produce extensive data related to important, in-demand occupations in the sector at the 4-digit National Occupational Classification (NOC) and 4-digit North American Industry Classification (NAIC) levels.\u00a0\u00a0 Our model will produce provincial forecasts for Ontario, Quebec, and for eight key automotive sector regions: Windsor\/Sarnia; London\/Stratford-Bruce Peninsula; Kitchener-Waterloo\/Barrie; the Golden Horseshoe; Eastern Ontario; the Greater Montreal Region; Winnipeg; and Vancouver.[\/vc_column_text][vc_column_text]Il est possible que les estimations de l\u2019emploi actuel dans l\u2019ensemble de l\u2019industrie automobile, qui figurent dans les profils pr\u00e9visionnels de juin 2020, diff\u00e8rent de celles produites par l\u2019\u00e9quipe du projet pour les profils r\u00e9gionaux de l\u2019automne 2019. Pour \u00e9tablir les profils pr\u00e9visionnels, nous avons eu recours \u00e0 une liste \u00e9largie de codes du Syst\u00e8me de classification des industries de l\u2019Am\u00e9rique du Nord (SCIAN) afin de mieux refl\u00e9ter notre d\u00e9finition de l\u2019industrie automobile dans son ensemble. Au cours des prochains mois, l\u2019\u00e9quipe du projet reverra les profils r\u00e9gionaux de l\u2019automne 2019 afin d\u2019assurer leur conformit\u00e9 aux r\u00e9sultats des \u00e9tudes les plus r\u00e9centes.[\/vc_column_text][vc_basic_grid post_type=\u00a0\u00bbpost\u00a0\u00bb max_items=\u00a0\u00bb-1&Prime; gap=\u00a0\u00bb35&Prime; item=\u00a0\u00bb533&Prime; grid_id=\u00a0\u00bbvc_gid:1710179287269-0dffc792-a4a5-5&Prime; taxonomies=\u00a0\u00bb58&Prime;][\/vc_column][\/vc_row][\/vc_section]<\/p>\n<\/div>","protected":false},"excerpt":{"rendered":"<p>[vc_section full_width=\u00a0\u00bbstretch_row\u00a0\u00bb content_placement=\u00a0\u00bbbottom\u00a0\u00bb css=\u00a0\u00bb.vc_custom_1588457717918{padding-top: 188px !important;background-color: #1c1c2b !important;background-position: center !important;background-repeat: no-repeat !important;background-size: cover !important;}\u00a0\u00bb][vc_row][vc_column css_animation=\u00a0\u00bbnone\u00a0\u00bb width=\u00a0\u00bb7\/12&Prime;][vc_custom_heading text=\u00a0\u00bbLes pr\u00e9visions sur le march\u00e9 du travail\u00a0\u00bb font_container=\u00a0\u00bbtag:h1|font_size:4.75rem|text_align:left|color:%23ffffff|line_height:5.5rem\u00a0\u00bb google_fonts=\u00a0\u00bbfont_family:Playfair%20Display%3Aregular%2Citalic%2C700%2C700italic%2C900%2C900italic|font_style:400%20regular%3A400%3Anormal\u00a0\u00bb el_class=\u00a0\u00bbhero-section-heading\u00a0\u00bb][vc_separator<span class=\"excerpt-hellip\"> [\u2026]<\/span><\/p>\n","protected":false},"author":3,"featured_media":0,"parent":0,"menu_order":0,"comment_status":"closed","ping_status":"closed","template":"","meta":{"_monsterinsights_skip_tracking":false,"_monsterinsights_sitenote_active":false,"_monsterinsights_sitenote_note":"","_monsterinsights_sitenote_category":0,"footnotes":""},"class_list":["post-579","page","type-page","status-publish","hentry"],"aioseo_notices":[],"_links":{"self":[{"href":"https:\/\/www.futureautolabourforce.ca\/fr\/wp-json\/wp\/v2\/pages\/579","targetHints":{"allow":["GET"]}}],"collection":[{"href":"https:\/\/www.futureautolabourforce.ca\/fr\/wp-json\/wp\/v2\/pages"}],"about":[{"href":"https:\/\/www.futureautolabourforce.ca\/fr\/wp-json\/wp\/v2\/types\/page"}],"author":[{"embeddable":true,"href":"https:\/\/www.futureautolabourforce.ca\/fr\/wp-json\/wp\/v2\/users\/3"}],"replies":[{"embeddable":true,"href":"https:\/\/www.futureautolabourforce.ca\/fr\/wp-json\/wp\/v2\/comments?post=579"}],"version-history":[{"count":14,"href":"https:\/\/www.futureautolabourforce.ca\/fr\/wp-json\/wp\/v2\/pages\/579\/revisions"}],"predecessor-version":[{"id":3294,"href":"https:\/\/www.futureautolabourforce.ca\/fr\/wp-json\/wp\/v2\/pages\/579\/revisions\/3294"}],"wp:attachment":[{"href":"https:\/\/www.futureautolabourforce.ca\/fr\/wp-json\/wp\/v2\/media?parent=579"}],"curies":[{"name":"wp","href":"https:\/\/api.w.org\/{rel}","templated":true}]}}