{"id":594,"date":"2020-05-20T15:57:29","date_gmt":"2020-05-20T15:57:29","guid":{"rendered":"https:\/\/www.futureautolabourforce.ca\/?page_id=594"},"modified":"2021-03-09T16:03:47","modified_gmt":"2021-03-09T16:03:47","slug":"page-daccueil","status":"publish","type":"page","link":"https:\/\/www.futureautolabourforce.ca\/fr\/","title":{"rendered":"Page d&rsquo;accueil"},"content":{"rendered":"<div class=\"wpb-content-wrapper\"><p>[vc_section full_width=\u00a0\u00bbstretch_row\u00a0\u00bb full_height=\u00a0\u00bbyes\u00a0\u00bb content_placement=\u00a0\u00bbbottom\u00a0\u00bb css=\u00a0\u00bb.vc_custom_1587965463279{padding-top: 188px !important;background: #1c1c2b url(https:\/\/www.futureautolabourforce.ca\/wp-content\/uploads\/2020\/04\/AdobeStock_306616726-Converted.jpg?id=297) !important;background-position: center !important;background-repeat: no-repeat !important;background-size: cover !important;}\u00a0\u00bb][vc_row][vc_column css_animation=\u00a0\u00bbnone\u00a0\u00bb width=\u00a0\u00bb8\/12&Prime;][vc_custom_heading text=\u00a0\u00bbScruter l\u2019\u00e9volution de l\u2019emploi et de la formation professionnelle dans l\u2019industrie automobile du Canada\u00a0\u00bb font_container=\u00a0\u00bbtag:h2|font_size:3.5rem|text_align:left|color:%23ffffff|line_height:3.75rem\u00a0\u00bb google_fonts=\u00a0\u00bbfont_family:Playfair%20Display%3Aregular%2Citalic%2C700%2C700italic%2C900%2C900italic|font_style:400%20regular%3A400%3Anormal\u00a0\u00bb el_class=\u00a0\u00bbhero-section-heading\u00a0\u00bb][vc_separator color=\u00a0\u00bbcustom\u00a0\u00bb align=\u00a0\u00bbalign_left\u00a0\u00bb border_width=\u00a0\u00bb2&Prime; el_width=\u00a0\u00bb20&Prime; accent_color=\u00a0\u00bb#38c7f9&Prime; css=\u00a0\u00bb.vc_custom_1587604743323{margin-top: 40px !important;}\u00a0\u00bb][vc_btn title=\u00a0\u00bbAbonnez-vous pour recevoir les mises \u00e0 jour et les pr\u00e9visions du projet\u00a0\u00bb style=\u00a0\u00bbcustom\u00a0\u00bb custom_background=\u00a0\u00bbrgba(0,0,0,0.01)\u00a0\u00bb custom_text=\u00a0\u00bb#ffffff\u00a0\u00bb shape=\u00a0\u00bbsquare\u00a0\u00bb align=\u00a0\u00bbleft\u00a0\u00bb i_align=\u00a0\u00bbright\u00a0\u00bb i_icon_fontawesome=\u00a0\u00bbfas fa-long-arrow-alt-down\u00a0\u00bb add_icon=\u00a0\u00bbtrue\u00a0\u00bb css=\u00a0\u00bb.vc_custom_1589314320984{padding-top: 0px !important;padding-right: 0px !important;padding-bottom: 0px !important;padding-left: 0px !important;}\u00a0\u00bb el_class=\u00a0\u00bbscroll-btn\u00a0\u00bb link=\u00a0\u00bburl:%23subscribe|\u00a0\u00bb][\/vc_column][vc_column width=\u00a0\u00bb4\/12&Prime;][\/vc_column][\/vc_row][vc_row full_width=\u00a0\u00bbstretch_row_content\u00a0\u00bb css=\u00a0\u00bb.vc_custom_1589411157813{padding-right: 40px !important;padding-left: 40px !important;}\u00a0\u00bb el_class=\u00a0\u00bbprime\u00a0\u00bb][vc_column width=\u00a0\u00bb1\/2&Prime;][\/vc_column][vc_column width=\u00a0\u00bb1\/2&Prime; el_class=\u00a0\u00bbcornerstone-column\u00a0\u00bb][vc_basic_grid post_type=\u00a0\u00bbpost\u00a0\u00bb max_items=\u00a0\u00bb1&Prime; element_width=\u00a0\u00bb12&Prime; gap=\u00a0\u00bb0&Prime; item=\u00a0\u00bb285&Prime; grid_id=\u00a0\u00bbvc_gid:1614910999682-1c11acfd-731c-10&Prime; el_class=\u00a0\u00bbcornerstone-content\u00a0\u00bb][\/vc_column][\/vc_row][\/vc_section][vc_section el_id=\u00a0\u00bbscroll\u00a0\u00bb css=\u00a0\u00bb.vc_custom_1587610926678{padding-top: 70px !important;padding-bottom: 70px !important;}\u00a0\u00bb][vc_row gap=\u00a0\u00bb35&Prime; content_placement=\u00a0\u00bbmiddle\u00a0\u00bb][vc_column width=\u00a0\u00bb1\/2&Prime;][vc_single_image image=\u00a0\u00bb920&Prime; img_size=\u00a0\u00bbfull\u00a0\u00bb alignment=\u00a0\u00bbcenter\u00a0\u00bb el_class=\u00a0\u00bbcontent-img\u00a0\u00bb css=\u00a0\u00bb.vc_custom_1614912489909{margin-bottom: 0px !important;}\u00a0\u00bb][\/vc_column][vc_column width=\u00a0\u00bb1\/2&Prime; el_class=\u00a0\u00bbltr\u00a0\u00bb][vc_row_inner css=\u00a0\u00bb.vc_custom_1587616165587{margin-bottom: 0px !important;}\u00a0\u00bb][vc_column_inner][vc_custom_heading text=\u00a0\u00bbTableau de donn\u00e9es de FOCAL\u00a0\u00bb font_container=\u00a0\u00bbtag:h2|font_size:2.25rem|text_align:left|line_height:2.25rem\u00a0\u00bb google_fonts=\u00a0\u00bbfont_family:Playfair%20Display%3Aregular%2Citalic%2C700%2C700italic%2C900%2C900italic|font_style:400%20regular%3A400%3Anormal\u00a0\u00bb css=\u00a0\u00bb.vc_custom_1614969894564{margin-bottom: 32px !important;}\u00a0\u00bb][vc_column_text]Pour aider encore plus nos utilisateurs \u00e0 comprendre nos donn\u00e9es, nous avons cr\u00e9\u00e9 un tableau de bord interactif qui leur permet de s\u00e9lectionner les donn\u00e9es de leur r\u00e9gion, puis de les afficher dans des graphiques. L\u2019outil est intuitif et facile \u00e0 utiliser ; vous le trouverez ICI. Notez que, bien que le tableau de bord soit configur\u00e9 en anglais, il donne acc\u00e8s \u00e0 nos pr\u00e9visions pour le Qu\u00e9bec dans son ensemble et pour la r\u00e9gion de Montr\u00e9al en particulier.[\/vc_column_text][vc_btn title=\u00a0\u00bbAfficher le tableau de donn\u00e9es\u00a0\u00bb shape=\u00a0\u00bbsquare\u00a0\u00bb color=\u00a0\u00bbblue\u00a0\u00bb size=\u00a0\u00bblg\u00a0\u00bb align=\u00a0\u00bbright\u00a0\u00bb i_align=\u00a0\u00bbright\u00a0\u00bb i_icon_fontawesome=\u00a0\u00bbfas fa-long-arrow-alt-right\u00a0\u00bb add_icon=\u00a0\u00bbtrue\u00a0\u00bb link=\u00a0\u00bburl:https%3A%2F%2Fwww.futureautolabourforce.ca%2Ffr%2Ftableau-de-donnees-sur-la-production-automobile-de-focal%2F|title:Tableau%20de%20donn%C3%A9es%20sur%20la%20production%20automobile%20de%20FOCAL|\u00a0\u00bb css=\u00a0\u00bb.vc_custom_1614911724349{margin-bottom: 0px !important;}\u00a0\u00bb][\/vc_column_inner][\/vc_row_inner][\/vc_column][\/vc_row][vc_row gap=\u00a0\u00bb35&Prime; content_placement=\u00a0\u00bbmiddle\u00a0\u00bb el_class=\u00a0\u00bbrtl\u00a0\u00bb][vc_column width=\u00a0\u00bb1\/2&Prime;][vc_single_image image=\u00a0\u00bb289&Prime; img_size=\u00a0\u00bbfull\u00a0\u00bb alignment=\u00a0\u00bbcenter\u00a0\u00bb el_class=\u00a0\u00bbcontent-img\u00a0\u00bb css=\u00a0\u00bb.vc_custom_1587615954203{margin-bottom: 0px !important;}\u00a0\u00bb][\/vc_column][vc_column width=\u00a0\u00bb1\/2&Prime; el_class=\u00a0\u00bbltr\u00a0\u00bb][vc_row_inner css=\u00a0\u00bb.vc_custom_1587616165587{margin-bottom: 0px !important;}\u00a0\u00bb][vc_column_inner][vc_custom_heading text=\u00a0\u00bbRapports sur les tendances du march\u00e9 du travail\u00a0\u00bb font_container=\u00a0\u00bbtag:h2|font_size:2.25rem|text_align:left|line_height:2.25rem\u00a0\u00bb google_fonts=\u00a0\u00bbfont_family:Playfair%20Display%3Aregular%2Citalic%2C700%2C700italic%2C900%2C900italic|font_style:400%20regular%3A400%3Anormal\u00a0\u00bb css=\u00a0\u00bb.vc_custom_1587611543318{margin-bottom: 32px !important;}\u00a0\u00bb][vc_column_text]La Coalition canadienne de la formation professionnelle et de l\u2019emploi (CSTEC), Prism Economics (Prism) et l\u2019Automotive Policy Research Centre (APRC) se sont associ\u00e9s dans le cadre d\u2019une initiative de recherche concert\u00e9e pour aider les entreprises, les gouvernements, les syndicats, les \u00e9tablissements d\u2019enseignement et les organismes non gouvernementaux \u00e0 mieux comprendre le march\u00e9 du travail de l\u2019industrie automobile canadienne dans son ensemble. Ces travaux b\u00e9n\u00e9ficient du financement du Programme d\u2019appui aux initiatives sectorielles du gouvernement du Canada.<\/p>\n<p>En plus d\u2019\u00e9tablir des pr\u00e9visions de l\u2019offre et de la demande de travailleurs, par profession, l\u2019initiative FOCAL scrutera et communiquera diverses tendances du march\u00e9 du travail dans l\u2019industrie afin de contribuer \u00e0 faciliter les discussions entre intervenants sur la fa\u00e7on de pallier les p\u00e9nuries de comp\u00e9tences pr\u00e9vues et de relever d\u2019autres d\u00e9fis dans ce march\u00e9.[\/vc_column_text][vc_btn title=\u00a0\u00bbVoir tous les rapports\u00a0\u00bb shape=\u00a0\u00bbsquare\u00a0\u00bb color=\u00a0\u00bbblue\u00a0\u00bb size=\u00a0\u00bblg\u00a0\u00bb align=\u00a0\u00bbright\u00a0\u00bb i_align=\u00a0\u00bbright\u00a0\u00bb i_icon_fontawesome=\u00a0\u00bbfas fa-long-arrow-alt-right\u00a0\u00bb add_icon=\u00a0\u00bbtrue\u00a0\u00bb link=\u00a0\u00bburl:https%3A%2F%2Fwww.futureautolabourforce.ca%2Ffr%2Frapports-sur-les-tendances%2F|title:Rapports%20sur%20les%20tendances|\u00a0\u00bb css=\u00a0\u00bb.vc_custom_1588458060436{margin-bottom: 0px !important;}\u00a0\u00bb][\/vc_column_inner][\/vc_row_inner][\/vc_column][\/vc_row][vc_row gap=\u00a0\u00bb35&Prime; content_placement=\u00a0\u00bbmiddle\u00a0\u00bb][vc_column width=\u00a0\u00bb1\/2&Prime;][vc_single_image image=\u00a0\u00bb292&Prime; img_size=\u00a0\u00bbfull\u00a0\u00bb alignment=\u00a0\u00bbcenter\u00a0\u00bb el_class=\u00a0\u00bbcontent-img\u00a0\u00bb css=\u00a0\u00bb.vc_custom_1587615942551{margin-bottom: 0px !important;}\u00a0\u00bb][\/vc_column][vc_column width=\u00a0\u00bb1\/2&Prime; el_class=\u00a0\u00bbltr\u00a0\u00bb][vc_row_inner css=\u00a0\u00bb.vc_custom_1587616144023{margin-bottom: 0px !important;}\u00a0\u00bb][vc_column_inner][vc_custom_heading text=\u00a0\u00bbProfils de l\u2019industrie automobile r\u00e9gionale\u00a0\u00bb font_container=\u00a0\u00bbtag:h2|font_size:2.25rem|text_align:left|line_height:2.25rem\u00a0\u00bb google_fonts=\u00a0\u00bbfont_family:Playfair%20Display%3Aregular%2Citalic%2C700%2C700italic%2C900%2C900italic|font_style:400%20regular%3A400%3Anormal\u00a0\u00bb css=\u00a0\u00bb.vc_custom_1587611611459{margin-bottom: 32px !important;}\u00a0\u00bb][vc_column_text]L\u2019initiative FOCAL (anciennement connue sous le nom de Projet d\u2019information sur le march\u00e9 du travail de l\u2019industrie automobile) a \u00e9tabli des profils d\u00e9taill\u00e9s de la construction automobile pour l\u2019Ontario, le Qu\u00e9bec et huit autres r\u00e9gions cl\u00e9s d\u2019un bout \u00e0 l\u2019autre du pays : Windsor et Sarnia, London et Woodstock, Kitchener-Waterloo et Barrie, le Golden Horseshoe, l\u2019Est de l\u2019Ontario, la r\u00e9gion du Grand Montr\u00e9al, Winnipeg, ainsi que Vancouver.[\/vc_column_text][vc_btn title=\u00a0\u00bbVoir tous les profils\u00a0\u00bb shape=\u00a0\u00bbsquare\u00a0\u00bb color=\u00a0\u00bbblue\u00a0\u00bb size=\u00a0\u00bblg\u00a0\u00bb align=\u00a0\u00bbright\u00a0\u00bb i_align=\u00a0\u00bbright\u00a0\u00bb i_icon_fontawesome=\u00a0\u00bbfas fa-long-arrow-alt-right\u00a0\u00bb add_icon=\u00a0\u00bbtrue\u00a0\u00bb link=\u00a0\u00bburl:https%3A%2F%2Fwww.futureautolabourforce.ca%2Ffr%2Fprofils-de-lindustrie-automobile-regionale%2F|title:Profils%20de%20r%C3%A9gionale|\u00a0\u00bb css=\u00a0\u00bb.vc_custom_1588458087755{margin-bottom: 0px !important;}\u00a0\u00bb][\/vc_column_inner][\/vc_row_inner][\/vc_column][\/vc_row][vc_row gap=\u00a0\u00bb35&Prime; content_placement=\u00a0\u00bbmiddle\u00a0\u00bb el_class=\u00a0\u00bbrtl\u00a0\u00bb][vc_column width=\u00a0\u00bb1\/2&Prime;][vc_single_image image=\u00a0\u00bb290&Prime; img_size=\u00a0\u00bbfull\u00a0\u00bb alignment=\u00a0\u00bbcenter\u00a0\u00bb el_class=\u00a0\u00bbcontent-img\u00a0\u00bb css=\u00a0\u00bb.vc_custom_1587615946928{margin-bottom: 0px !important;}\u00a0\u00bb][\/vc_column][vc_column width=\u00a0\u00bb1\/2&Prime; el_class=\u00a0\u00bbltr\u00a0\u00bb][vc_row_inner css=\u00a0\u00bb.vc_custom_1587616154222{margin-bottom: 0px !important;}\u00a0\u00bb][vc_column_inner][vc_custom_heading text=\u00a0\u00bbPr\u00e9visions de l\u2019offre et de la demande de travailleurs, par professions\u00a0\u00bb font_container=\u00a0\u00bbtag:h2|font_size:2.25rem|text_align:left|line_height:2.25rem\u00a0\u00bb google_fonts=\u00a0\u00bbfont_family:Playfair%20Display%3Aregular%2Citalic%2C700%2C700italic%2C900%2C900italic|font_style:400%20regular%3A400%3Anormal\u00a0\u00bb css=\u00a0\u00bb.vc_custom_1587611630501{margin-bottom: 32px !important;}\u00a0\u00bb][vc_column_text]L\u2019initiative FOCAL \u00e9tablira des pr\u00e9visions de l\u2019offre et de la demande de main-d\u2019\u0153uvre dans les professions cl\u00e9s de l\u2019ensemble de l\u2019industrie automobile. Ces pr\u00e9visions permettront de produire des donn\u00e9es compl\u00e8tes li\u00e9es aux professions importantes recherch\u00e9es dans l\u2019industrie, selon le code \u00e0 quatre chiffres attribu\u00e9 par la Classification nationale des professions (CNP) et le Syst\u00e8me de classification des industries de l\u2019Am\u00e9rique du Nord (SCIAN). Notre mod\u00e8le permettra d\u2019\u00e9tablir des pr\u00e9visions pour les provinces de l\u2019Ontario et du Qu\u00e9bec, ainsi que pour huit autres r\u00e9gions cl\u00e9s de l\u2019industrie automobile : Windsor et Sarnia, London et Woodstock, Kitchener-Waterloo et Barrie, le Golden Horseshoe, l\u2019Est de l\u2019Ontario, la r\u00e9gion du Grand Montr\u00e9al, Winnipeg, ainsi que Vancouver.[\/vc_column_text][vc_btn title=\u00a0\u00bbVoir tous les pr\u00e9visions\u00a0\u00bb shape=\u00a0\u00bbsquare\u00a0\u00bb color=\u00a0\u00bbblue\u00a0\u00bb size=\u00a0\u00bblg\u00a0\u00bb align=\u00a0\u00bbright\u00a0\u00bb i_align=\u00a0\u00bbright\u00a0\u00bb i_icon_fontawesome=\u00a0\u00bbfas fa-long-arrow-alt-right\u00a0\u00bb add_icon=\u00a0\u00bbtrue\u00a0\u00bb link=\u00a0\u00bburl:https%3A%2F%2Fwww.futureautolabourforce.ca%2Ffr%2Fles-previsions-sur-le-marche-du-travail%2F|title:Les%20pr%C3%A9visions%20sur%20le%20march%C3%A9%20du%20travail|\u00a0\u00bb css=\u00a0\u00bb.vc_custom_1588458108616{margin-bottom: 0px !important;}\u00a0\u00bb][\/vc_column_inner][\/vc_row_inner][\/vc_column][\/vc_row][\/vc_section][vc_section full_width=\u00a0\u00bbstretch_row\u00a0\u00bb css=\u00a0\u00bb.vc_custom_1587613345152{padding-top: 40px !important;background-color: #2a293f !important;}\u00a0\u00bb el_id=\u00a0\u00bbabout\u00a0\u00bb][vc_row][vc_column][vc_custom_heading text=\u00a0\u00bb\u00c0 propos\u00a0\u00bb font_container=\u00a0\u00bbtag:h2|font_size:4.75rem|text_align:left|color:%23ffffff\u00a0\u00bb google_fonts=\u00a0\u00bbfont_family:Playfair%20Display%3Aregular%2Citalic%2C700%2C700italic%2C900%2C900italic|font_style:400%20regular%3A400%3Anormal\u00a0\u00bb css=\u00a0\u00bb.vc_custom_1587613398905{margin-top: 3rem !important;margin-bottom: 5rem !important;}\u00a0\u00bb][vc_row_inner gap=\u00a0\u00bb35&Prime; css=\u00a0\u00bb.vc_custom_1587613093949{margin-bottom: 0px !important;}\u00a0\u00bb][vc_column_inner width=\u00a0\u00bb1\/2&Prime;][vc_single_image image=\u00a0\u00bb144&Prime; img_size=\u00a0\u00bbfull\u00a0\u00bb css=\u00a0\u00bb.vc_custom_1587613237640{margin-bottom: -200px !important;}\u00a0\u00bb][\/vc_column_inner][vc_column_inner width=\u00a0\u00bb1\/2&Prime;][vc_column_text el_class=\u00a0\u00bbwhite-text\u00a0\u00bb]L\u2019Initiative sur l\u2019avenir de la main-d\u2019\u0153uvre de l\u2019industrie automobile canadienne (FOCAL), financ\u00e9e par le gouvernement du Canada, est le fruit d\u2019une collaboration entre la <a href=\"https:\/\/cstec.ca\/\">Coalition canadienne de la formation professionnelle et de l\u2019emploi (CSTEC)<\/a>, <a href=\"https:\/\/automotivepolicy.ca\/\">l\u2019Automotive Policy Research Centre (APRC)<\/a> et <a href=\"https:\/\/www.prismeconomics.com\/\">Prism Economics and Analysis<\/a>.<\/p>\n<p>Durant trois ann\u00e9es \u00e0 compter du milieu de 2019, l\u2019initiative FOCAL aura produit sur le march\u00e9 du travail une information \u00e0 jour li\u00e9e \u00e0 l\u2019industrie canadienne de la fabrication automobile, en examinera les principales tendances, en plus d\u2019\u00e9tablir une pr\u00e9vision de l\u2019offre et de la demande dans les professions cl\u00e9s de l\u2019ensemble de l\u2019industrie automobile.<\/p>\n<p>Nous transmettrons nos rapports et autres r\u00e9sultats de recherche aux employeurs de toute l\u2019industrie automobile canadienne, de m\u00eame qu\u2019aux enseignants, aux \u00e9tudiants, aux chercheurs d\u2019emploi, aux d\u00e9cideurs de tous les ordres de gouvernement, aux organismes syndicaux et aux autres intervenants non gouvernementaux de cet important segment du secteur manufacturier canadien.[\/vc_column_text][vc_btn title=\u00a0\u00bbEn savoir \u00e0 propos de nous\u00a0\u00bb shape=\u00a0\u00bbsquare\u00a0\u00bb color=\u00a0\u00bbgreen\u00a0\u00bb size=\u00a0\u00bblg\u00a0\u00bb align=\u00a0\u00bbright\u00a0\u00bb i_align=\u00a0\u00bbright\u00a0\u00bb i_icon_fontawesome=\u00a0\u00bbfas fa-long-arrow-alt-right\u00a0\u00bb add_icon=\u00a0\u00bbtrue\u00a0\u00bb link=\u00a0\u00bburl:https%3A%2F%2Fwww.futureautolabourforce.ca%2Ffr%2Fa-propos%2F|title:%C3%80%20propos|\u00a0\u00bb][\/vc_column_inner][\/vc_row_inner][\/vc_column][\/vc_row][\/vc_section][vc_section disable_element=\u00a0\u00bbyes\u00a0\u00bb][vc_row full_width=\u00a0\u00bbstretch_row\u00a0\u00bb css=\u00a0\u00bb.vc_custom_1587612585232{background-color: #2a293f !important;}\u00a0\u00bb el_class=\u00a0\u00bbhome-about\u00a0\u00bb][vc_column][vc_row_inner][vc_column_inner][vc_custom_heading text=\u00a0\u00bb\u00c0 propos\u00a0\u00bb font_container=\u00a0\u00bbtag:h2|font_size:6.25rem|text_align:left|color:%23ffffff\u00a0\u00bb google_fonts=\u00a0\u00bbfont_family:Playfair%20Display%3Aregular%2Citalic%2C700%2C700italic%2C900%2C900italic|font_style:400%20regular%3A400%3Anormal\u00a0\u00bb css=\u00a0\u00bb.vc_custom_1586982451047{margin-top: 3rem !important;margin-bottom: 5rem !important;}\u00a0\u00bb][\/vc_column_inner][\/vc_row_inner][vc_row_inner gap=\u00a0\u00bb35&Prime;][vc_column_inner width=\u00a0\u00bb1\/2&Prime;][vc_single_image image=\u00a0\u00bb144&Prime; img_size=\u00a0\u00bbfull\u00a0\u00bb][vc_single_image image=\u00a0\u00bb144&Prime; img_size=\u00a0\u00bbfull\u00a0\u00bb][\/vc_column_inner][vc_column_inner width=\u00a0\u00bb1\/2&Prime;][vc_column_text]L\u2019Initiative sur l\u2019avenir de la main-d\u2019\u0153uvre de l\u2019industrie automobile canadienne (FOCAL), financ\u00e9e par le gouvernement du Canada, est le fruit d\u2019une collaboration entre la <a href=\"https:\/\/cstec.ca\/\">Coalition canadienne de la formation professionnelle et de l\u2019emploi (CSTEC)<\/a>, <a href=\"https:\/\/automotivepolicy.ca\/\">l\u2019Automotive Policy Research Centre (APRC)<\/a> et <a href=\"https:\/\/www.prismeconomics.com\/\">Prism Economics and Analysis<\/a>.<\/p>\n<p>Durant trois ann\u00e9es \u00e0 compter du milieu de 2019, l\u2019initiative FOCAL aura produit sur le march\u00e9 du travail une information \u00e0 jour li\u00e9e \u00e0 l\u2019industrie canadienne de la fabrication automobile, en examinera les principales tendances, en plus d\u2019\u00e9tablir une pr\u00e9vision de l\u2019offre et de la demande dans les professions cl\u00e9s de l\u2019ensemble de l\u2019industrie automobile.<\/p>\n<p>Nous transmettrons nos rapports et autres r\u00e9sultats de recherche aux employeurs de toute l\u2019industrie automobile canadienne, de m\u00eame qu\u2019aux enseignants, aux \u00e9tudiants, aux chercheurs d\u2019emploi, aux d\u00e9cideurs de tous les ordres de gouvernement, aux organismes syndicaux et aux autres intervenants non gouvernementaux de cet important segment du secteur manufacturier canadien.[\/vc_column_text][vc_btn title=\u00a0\u00bbEn savoir \u00e0 propos de nous\u00a0\u00bb style=\u00a0\u00bbcustom\u00a0\u00bb custom_background=\u00a0\u00bb\u00a0\u00bb custom_text=\u00a0\u00bb#3df4d1&Prime; size=\u00a0\u00bblg\u00a0\u00bb align=\u00a0\u00bbright\u00a0\u00bb i_align=\u00a0\u00bbright\u00a0\u00bb i_icon_fontawesome=\u00a0\u00bbfar fa-arrow-alt-circle-right\u00a0\u00bb add_icon=\u00a0\u00bbtrue\u00a0\u00bb link=\u00a0\u00bburl:http%3A%2F%2Fwww.futureautolabourforce.ca%2Fabout%2F|title:%C3%80%20propos|\u00a0\u00bb el_class=\u00a0\u00bbabout-btn\u00a0\u00bb][\/vc_column_inner][\/vc_row_inner][\/vc_column][\/vc_row][\/vc_section][vc_section][vc_row][vc_column][vc_row_inner][vc_column_inner width=\u00a0\u00bb1\/2&Prime;][\/vc_column_inner][vc_column_inner width=\u00a0\u00bb1\/2&Prime;][vc_custom_heading text=\u00a0\u00bbActualit\u00e9s et mises \u00e0 jour relatives au projet\u00a0\u00bb font_container=\u00a0\u00bbtag:h2|font_size:4.75rem|text_align:left|line_height:4.75rem\u00a0\u00bb google_fonts=\u00a0\u00bbfont_family:Playfair%20Display%3Aregular%2Citalic%2C700%2C700italic%2C900%2C900italic|font_style:400%20regular%3A400%3Anormal\u00a0\u00bb css=\u00a0\u00bb.vc_custom_1589311953887{margin-top: 4.75rem !important;}\u00a0\u00bb][\/vc_column_inner][\/vc_row_inner][vc_row_inner][vc_column_inner][vc_basic_grid post_type=\u00a0\u00bbpost\u00a0\u00bb max_items=\u00a0\u00bb1&Prime; element_width=\u00a0\u00bb12&Prime; item=\u00a0\u00bb438&Prime; grid_id=\u00a0\u00bbvc_gid:1614910999689-d4cdfe1f-399d-8&Prime;][vc_basic_grid post_type=\u00a0\u00bbpost\u00a0\u00bb max_items=\u00a0\u00bb9&Prime; gap=\u00a0\u00bb35&Prime; item=\u00a0\u00bb533&Prime; grid_id=\u00a0\u00bbvc_gid:1614910999689-b7c15233-ac95-10&Prime; offset=\u00a0\u00bb1&Prime;][\/vc_column_inner][\/vc_row_inner][\/vc_column][\/vc_row][\/vc_section]<\/p>\n<\/div>","protected":false},"excerpt":{"rendered":"<p>[vc_section full_width=\u00a0\u00bbstretch_row\u00a0\u00bb full_height=\u00a0\u00bbyes\u00a0\u00bb content_placement=\u00a0\u00bbbottom\u00a0\u00bb css=\u00a0\u00bb.vc_custom_1587965463279{padding-top: 188px !important;background: #1c1c2b url(https:\/\/www.futureautolabourforce.ca\/wp-content\/uploads\/2020\/04\/AdobeStock_306616726-Converted.jpg?id=297) !important;background-position: center !important;background-repeat: no-repeat !important;background-size: cover !important;}\u00a0\u00bb][vc_row][vc_column css_animation=\u00a0\u00bbnone\u00a0\u00bb width=\u00a0\u00bb8\/12&Prime;][vc_custom_heading text=\u00a0\u00bbScruter l\u2019\u00e9volution de l\u2019emploi et de la formation<span class=\"excerpt-hellip\"> [\u2026]<\/span><\/p>\n","protected":false},"author":3,"featured_media":501,"parent":0,"menu_order":0,"comment_status":"closed","ping_status":"closed","template":"","meta":{"_monsterinsights_skip_tracking":false,"_monsterinsights_sitenote_active":false,"_monsterinsights_sitenote_note":"","_monsterinsights_sitenote_category":0,"footnotes":""},"class_list":["post-594","page","type-page","status-publish","has-post-thumbnail","hentry"],"aioseo_notices":[],"_links":{"self":[{"href":"https:\/\/www.futureautolabourforce.ca\/fr\/wp-json\/wp\/v2\/pages\/594","targetHints":{"allow":["GET"]}}],"collection":[{"href":"https:\/\/www.futureautolabourforce.ca\/fr\/wp-json\/wp\/v2\/pages"}],"about":[{"href":"https:\/\/www.futureautolabourforce.ca\/fr\/wp-json\/wp\/v2\/types\/page"}],"author":[{"embeddable":true,"href":"https:\/\/www.futureautolabourforce.ca\/fr\/wp-json\/wp\/v2\/users\/3"}],"replies":[{"embeddable":true,"href":"https:\/\/www.futureautolabourforce.ca\/fr\/wp-json\/wp\/v2\/comments?post=594"}],"version-history":[{"count":7,"href":"https:\/\/www.futureautolabourforce.ca\/fr\/wp-json\/wp\/v2\/pages\/594\/revisions"}],"predecessor-version":[{"id":937,"href":"https:\/\/www.futureautolabourforce.ca\/fr\/wp-json\/wp\/v2\/pages\/594\/revisions\/937"}],"wp:featuredmedia":[{"embeddable":true,"href":"https:\/\/www.futureautolabourforce.ca\/fr\/wp-json\/wp\/v2\/media\/501"}],"wp:attachment":[{"href":"https:\/\/www.futureautolabourforce.ca\/fr\/wp-json\/wp\/v2\/media?parent=594"}],"curies":[{"name":"wp","href":"https:\/\/api.w.org\/{rel}","templated":true}]}}