{"id":917,"date":"2021-03-05T02:43:32","date_gmt":"2021-03-05T02:43:32","guid":{"rendered":"https:\/\/www.futureautolabourforce.ca\/tableau-de-donnees-sur-la-production-automobile-de-focal\/"},"modified":"2021-03-09T15:59:22","modified_gmt":"2021-03-09T15:59:22","slug":"tableau-de-donnees-sur-la-production-automobile-de-focal","status":"publish","type":"page","link":"https:\/\/www.futureautolabourforce.ca\/fr\/tableau-de-donnees-sur-la-production-automobile-de-focal\/","title":{"rendered":"Tableau de donn\u00e9es sur la production automobile de FOCAL"},"content":{"rendered":"<div class=\"wpb-content-wrapper\"><p>[vc_section full_width=\u00a0\u00bbstretch_row\u00a0\u00bb content_placement=\u00a0\u00bbbottom\u00a0\u00bb css=\u00a0\u00bb.vc_custom_1588457717918{padding-top: 188px !important;background-color: #1c1c2b !important;background-position: center !important;background-repeat: no-repeat !important;background-size: cover !important;}\u00a0\u00bb][vc_row][vc_column css_animation=\u00a0\u00bbnone\u00a0\u00bb width=\u00a0\u00bb7\/12&Prime;][vc_custom_heading text=\u00a0\u00bbTableau de donn\u00e9es de FOCAL\u00a0\u00bb font_container=\u00a0\u00bbtag:h1|font_size:4.75rem|text_align:left|color:%23ffffff|line_height:5.5rem\u00a0\u00bb google_fonts=\u00a0\u00bbfont_family:Playfair%20Display%3Aregular%2Citalic%2C700%2C700italic%2C900%2C900italic|font_style:400%20regular%3A400%3Anormal\u00a0\u00bb el_class=\u00a0\u00bbhero-section-heading\u00a0\u00bb][vc_separator color=\u00a0\u00bbcustom\u00a0\u00bb align=\u00a0\u00bbalign_left\u00a0\u00bb border_width=\u00a0\u00bb2&Prime; el_width=\u00a0\u00bb20&Prime; accent_color=\u00a0\u00bb#38c7f9&Prime; css=\u00a0\u00bb.vc_custom_1587604743323{margin-top: 40px !important;}\u00a0\u00bb][\/vc_column][vc_column width=\u00a0\u00bb5\/12&Prime;][\/vc_column][\/vc_row][vc_row full_width=\u00a0\u00bbstretch_row_content\u00a0\u00bb css=\u00a0\u00bb.vc_custom_1588460670911{padding-right: 40px !important;padding-left: 40px !important;}\u00a0\u00bb][vc_column width=\u00a0\u00bb1\/2&Prime;][\/vc_column][vc_column width=\u00a0\u00bb1\/2&Prime; el_class=\u00a0\u00bbcolumn-featured\u00a0\u00bb][\/vc_column][\/vc_row][\/vc_section][vc_section][vc_row][vc_column][vc_raw_html]PGRpdiBzdHlsZT0id2lkdGg6MTAwJTsgaGVpZ2h0OjA7cGFkZGluZy10b3A6IDU2LjI1JTsiPjxpZnJhbWUgc3JjPSJodHRwczovL2FwcC5wb3dlcmJpLmNvbS92aWV3P3I9ZXlKcklqb2lZalV3T1dNMk9XRXRZMk5sTXkwME5Ea3pMVGt4TjJVdE9EVmhNR1ppWlRBNU56VTRJaXdpZENJNklqRTVaakJoTWpCa0xURTVPVFV0TkRrelppMDVZMlpqTFRCaU56VmtZbVV5T0RjMFpTSjkmYW1wO2VtYmVkSW1hZ2VQbGFjZWhvbGRlcj10cnVlIiBzdHlsZT0id2lkdGg6MTAwJTtoZWlnaHQ6MTAwJTtwb3NpdGlvbjphYnNvbHV0ZTt0b3A6MDtsZWZ0OjA7Ym90dG9tOjA7cmlnaHQ6MDtwYWRkaW5nOjAgMTVweCAzNXB4OyIgZnJhbWVib3JkZXI9IjAiIGFsbG93ZnVsbHNjcmVlbj0iYWxsb3dmdWxsc2NyZWVuIj48L2lmcmFtZT48L2Rpdj4=[\/vc_raw_html][\/vc_column][\/vc_row][\/vc_section][vc_section][vc_row][vc_column][vc_column_text]Les employeurs et les intervenants li\u00e9s \u00e0 la production automobile t\u00e9l\u00e9chargent et consultent les rapports sur les tendances ainsi que les pr\u00e9visions de FOCAL.<\/p>\n<p>Pour aider encore plus nos utilisateurs \u00e0 comprendre nos donn\u00e9es, nous avons cr\u00e9\u00e9 un tableau de bord interactif qui leur permet de s\u00e9lectionner les donn\u00e9es de leur r\u00e9gion, puis de les afficher dans des graphiques. L\u2019outil est intuitif et facile \u00e0 utiliser Notez que, bien que le tableau de bord soit configur\u00e9 en anglais, il donne acc\u00e8s \u00e0 nos pr\u00e9visions pour le Qu\u00e9bec dans son ensemble et pour la r\u00e9gion de Montr\u00e9al en particulier.<\/p>\n<p>Lorsque vous arrivez \u00e0 la page d\u2019accueil du tableau de bord, vous aurez acc\u00e8s \u00e0 trois pages.[\/vc_column_text][\/vc_column][\/vc_row][vc_row equal_height=\u00a0\u00bbyes\u00a0\u00bb el_class=\u00a0\u00bbdashboard-row\u00a0\u00bb][vc_column width=\u00a0\u00bb1\/3&Prime;][vc_custom_heading text=\u00a0\u00bbTableau de donn\u00e9es sur la production automobile\u00a0\u00bb google_fonts=\u00a0\u00bbfont_family:Playfair%20Display%3Aregular%2Citalic%2C700%2C700italic%2C900%2C900italic|font_style:400%20regular%3A400%3Anormal\u00a0\u00bb][vc_column_text]Cette page donne une d\u00e9finition sommaire de la production automobile au Canada. \u00c0 l\u2019emploi de base en assemblage de v\u00e9hicules et en fabrication de pi\u00e8ces, s\u2019ajoutent d\u2019autres industries qui contribuent de fa\u00e7on essentielle \u00e0 la production automobile au Canada.[\/vc_column_text][\/vc_column][vc_column width=\u00a0\u00bb1\/3&Prime;][vc_custom_heading text=\u00a0\u00bbProfil de l\u2019emploi automobile\u00a0\u00bb google_fonts=\u00a0\u00bbfont_family:Playfair%20Display%3Aregular%2Citalic%2C700%2C700italic%2C900%2C900italic|font_style:400%20regular%3A400%3Anormal\u00a0\u00bb][vc_column_text]Cette page permet aux utilisateurs de scruter les segments et les groupes professionnels cl\u00e9s de l\u2019industrie automobile pour les provinces de l\u2019Ontario et du Qu\u00e9bec, ainsi que pour chacune des r\u00e9gions cl\u00e9s de l\u2019industrie d\u2019un bout \u00e0 l\u2019autre du Canada.[\/vc_column_text][\/vc_column][vc_column width=\u00a0\u00bb1\/3&Prime;][vc_custom_heading text=\u00a0\u00bbPr\u00e9visions relatives aux professions de l\u2019automobile\u00a0\u00bb google_fonts=\u00a0\u00bbfont_family:Playfair%20Display%3Aregular%2Citalic%2C700%2C700italic%2C900%2C900italic|font_style:400%20regular%3A400%3Anormal\u00a0\u00bb][vc_column_text]Cette page am\u00e8ne les utilisateurs \u00e0 s\u00e9lectionner des donn\u00e9es sur les pr\u00e9visions de l\u2019offre et de la demande par groupe professionnel cl\u00e9 de l\u2019industrie automobile et par profession, \u00e0 l\u2019\u00e9chelle provinciale et r\u00e9gionale, \u00e0 court terme (2021 \u00e0 2025), \u00e0 long terme (2026 \u00e0 2030) ou pour toute la p\u00e9riode de pr\u00e9vision (2021 \u00e0 2030).[\/vc_column_text][\/vc_column][\/vc_row][vc_row css=\u00a0\u00bb.vc_custom_1614970842628{margin-bottom: 70px !important;}\u00a0\u00bb][vc_column][vc_column_text]Le tableau de bord vous offre un <strong>Dictionnaire de donn\u00e9es<\/strong> utile, qui explique des termes techniques pr\u00e9cis comme <em>\u00ab besoin d\u2019embauche \u00bb<\/em>, <em>\u00ab nouveau venu \u00bb ou \u00ab insuffisance de recrutement \u00bb<\/em>.<\/p>\n<p>Le tableau de bord fournit aussi des liens qui vous ram\u00e8neront \u00e0 notre site Web pour que vous puissiez t\u00e9l\u00e9charger le profil et les pr\u00e9visions de r\u00e9f\u00e9rence qui ont \u00e9t\u00e9 \u00e9tablis pour votre r\u00e9gion productrice d\u2019automobiles, de m\u00eame que nos rapports sur les tendances.<\/p>\n<p>Enfin, le tableau de bord fournit des liens menant \u00e0 la base de l\u2019Automotive Policy Research Centre (APRC), laquelle contient des donn\u00e9es sur toutes les entreprises li\u00e9es \u00e0 la production automobile d\u2019un bout \u00e0 l\u2019autre du Canada. Dans le tableau de bord, vous pouvez visualiser l\u2019int\u00e9gralit\u00e9 de la base de donn\u00e9es, sinon celles sur les producteurs d\u2019une r\u00e9gion d\u00e9finie par FOCAL.[\/vc_column_text][\/vc_column][\/vc_row][\/vc_section]<\/p>\n<\/div>","protected":false},"excerpt":{"rendered":"<p>[vc_section full_width=\u00a0\u00bbstretch_row\u00a0\u00bb content_placement=\u00a0\u00bbbottom\u00a0\u00bb css=\u00a0\u00bb.vc_custom_1588457717918{padding-top: 188px !important;background-color: #1c1c2b !important;background-position: center !important;background-repeat: no-repeat !important;background-size: cover !important;}\u00a0\u00bb][vc_row][vc_column css_animation=\u00a0\u00bbnone\u00a0\u00bb width=\u00a0\u00bb7\/12&Prime;][vc_custom_heading text=\u00a0\u00bbTableau de donn\u00e9es de FOCAL\u00a0\u00bb font_container=\u00a0\u00bbtag:h1|font_size:4.75rem|text_align:left|color:%23ffffff|line_height:5.5rem\u00a0\u00bb google_fonts=\u00a0\u00bbfont_family:Playfair%20Display%3Aregular%2Citalic%2C700%2C700italic%2C900%2C900italic|font_style:400%20regular%3A400%3Anormal\u00a0\u00bb el_class=\u00a0\u00bbhero-section-heading\u00a0\u00bb][vc_separator color=\u00a0\u00bbcustom\u00a0\u00bb align=\u00a0\u00bbalign_left\u00a0\u00bb<span class=\"excerpt-hellip\"> [\u2026]<\/span><\/p>\n","protected":false},"author":3,"featured_media":921,"parent":0,"menu_order":0,"comment_status":"closed","ping_status":"closed","template":"","meta":{"_monsterinsights_skip_tracking":false,"_monsterinsights_sitenote_active":false,"_monsterinsights_sitenote_note":"","_monsterinsights_sitenote_category":0,"footnotes":""},"class_list":["post-917","page","type-page","status-publish","has-post-thumbnail","hentry"],"aioseo_notices":[],"_links":{"self":[{"href":"https:\/\/www.futureautolabourforce.ca\/fr\/wp-json\/wp\/v2\/pages\/917","targetHints":{"allow":["GET"]}}],"collection":[{"href":"https:\/\/www.futureautolabourforce.ca\/fr\/wp-json\/wp\/v2\/pages"}],"about":[{"href":"https:\/\/www.futureautolabourforce.ca\/fr\/wp-json\/wp\/v2\/types\/page"}],"author":[{"embeddable":true,"href":"https:\/\/www.futureautolabourforce.ca\/fr\/wp-json\/wp\/v2\/users\/3"}],"replies":[{"embeddable":true,"href":"https:\/\/www.futureautolabourforce.ca\/fr\/wp-json\/wp\/v2\/comments?post=917"}],"version-history":[{"count":10,"href":"https:\/\/www.futureautolabourforce.ca\/fr\/wp-json\/wp\/v2\/pages\/917\/revisions"}],"predecessor-version":[{"id":932,"href":"https:\/\/www.futureautolabourforce.ca\/fr\/wp-json\/wp\/v2\/pages\/917\/revisions\/932"}],"wp:featuredmedia":[{"embeddable":true,"href":"https:\/\/www.futureautolabourforce.ca\/fr\/wp-json\/wp\/v2\/media\/921"}],"wp:attachment":[{"href":"https:\/\/www.futureautolabourforce.ca\/fr\/wp-json\/wp\/v2\/media?parent=917"}],"curies":[{"name":"wp","href":"https:\/\/api.w.org\/{rel}","templated":true}]}}